{"id":89,"date":"2016-11-10T06:53:01","date_gmt":"2016-11-10T06:53:01","guid":{"rendered":"http:\/\/sktperfectdemo.com\/?page_id=89"},"modified":"2022-03-01T15:16:00","modified_gmt":"2022-03-01T14:16:00","slug":"about-us","status":"publish","type":"page","link":"http:\/\/telgebillack.se\/?page_id=89","title":{"rendered":"About Us"},"content":{"rendered":"\t\t<div data-elementor-type=\"wp-page\" data-elementor-id=\"89\" class=\"elementor elementor-89\" data-elementor-settings=\"[]\">\n\t\t\t\t\t\t\t<div class=\"elementor-section-wrap\">\n\t\t\t\t\t\t\t<section class=\"elementor-section elementor-top-section elementor-element elementor-element-675e569 elementor-section-boxed elementor-section-height-default elementor-section-height-default\" data-id=\"675e569\" data-element_type=\"section\" data-settings=\"{&quot;background_background&quot;:&quot;classic&quot;}\">\n\t\t\t\t\t\t<div class=\"elementor-container elementor-column-gap-no\">\n\t\t\t\t\t<div class=\"elementor-column elementor-col-100 elementor-top-column elementor-element elementor-element-b5cd10d\" data-id=\"b5cd10d\" data-element_type=\"column\">\n\t\t\t<div class=\"elementor-widget-wrap elementor-element-populated\">\n\t\t\t\t\t\t\t\t<section class=\"elementor-section elementor-inner-section elementor-element elementor-element-7c89c55 elementor-section-boxed elementor-section-height-default elementor-section-height-default\" data-id=\"7c89c55\" data-element_type=\"section\">\n\t\t\t\t\t\t<div class=\"elementor-container elementor-column-gap-no\">\n\t\t\t\t\t<div class=\"elementor-column elementor-col-50 elementor-inner-column elementor-element elementor-element-f93eea6 elementor-invisible\" data-id=\"f93eea6\" data-element_type=\"column\" data-settings=\"{&quot;animation&quot;:&quot;fadeInLeft&quot;}\">\n\t\t\t<div class=\"elementor-widget-wrap elementor-element-populated\">\n\t\t\t\t\t\t\t\t<div class=\"elementor-element elementor-element-7bb337f elementor-widget elementor-widget-heading\" data-id=\"7bb337f\" data-element_type=\"widget\" data-widget_type=\"heading.default\">\n\t\t\t\t<div class=\"elementor-widget-container\">\n\t\t\t<h2 class=\"elementor-heading-title elementor-size-default\">V\u00c4LKOMMEN TILL TELGEBILLACK<\/h2>\t\t<\/div>\n\t\t\t\t<\/div>\n\t\t\t\t<div class=\"elementor-element elementor-element-bb464a7 elementor-widget elementor-widget-text-editor\" data-id=\"bb464a7\" data-element_type=\"widget\" data-widget_type=\"text-editor.default\">\n\t\t\t\t<div class=\"elementor-widget-container\">\n\t\t\t\t\t<div class=\"elementor-text-editor elementor-clearfix\"><p><span style=\"color: rgba(0, 0, 0, 0.87); font-family: Roboto, Helvetica, Arial, sans-serif; font-size: 14px; letter-spacing: 0.14994px; text-align: justify; background-color: #e8eaf6;\"><b>Hos oss p\u00e5 TelgeBilPl\u00e5t &amp; Lack f\u00e5r du hj\u00e4lp p\u00e5 ett effektivt s\u00e4tt med alla typer av reparationer av pl\u00e5tskador, lack och olycksskador p\u00e5 din bil. Att laga stenskott i vindrutan och byta glas \u00e4r ocks\u00e5 n\u00e5got vi \u00e4r experter p\u00e5. Vi reparerar eller byter ut alla delar som har skadats p\u00e5 grund av pl\u00e5tskador \u2013 inklusive billack. Bilar lackeras alltid i v\u00e5ran egna verkstad. N\u00e4r vi reparerar t\u00e4nker vi alltid p\u00e5 vad som \u00e4r b\u00e4st f\u00f6r dig och milj\u00f6n, f\u00f6r det \u00e4r ocks\u00e5 b\u00e4st f\u00f6r oss. Vi byter inte ut delar i on\u00f6dan, vi utf\u00f6r inga on\u00f6diga arbeten och vi reparerar allt som kr\u00e4ver reparation. Vi kompromissar dock aldrig med s\u00e4kerheten. Tack vare detta kan du vara s\u00e4ker p\u00e5 att din reparerade bil blir lika s\u00e4ker som f\u00f6re olyckan. Och f\u00f6r dig spelar det ingen roll vilket f\u00f6rs\u00e4kringsbolag du \u00e4r kund hos eller vilket m\u00e4rke din bil har \u2013 vi st\u00f6ttar alla f\u00f6rare.\u00a0<\/b><\/span><\/p><\/div>\n\t\t\t\t<\/div>\n\t\t\t\t<\/div>\n\t\t\t\t\t<\/div>\n\t\t<\/div>\n\t\t\t\t<div class=\"elementor-column elementor-col-50 elementor-inner-column elementor-element elementor-element-9340ad2\" data-id=\"9340ad2\" data-element_type=\"column\">\n\t\t\t<div class=\"elementor-widget-wrap elementor-element-populated\">\n\t\t\t\t\t\t\t\t<div class=\"elementor-element elementor-element-3acc0e2 elementor-invisible elementor-widget elementor-widget-image\" data-id=\"3acc0e2\" data-element_type=\"widget\" data-settings=\"{&quot;_animation&quot;:&quot;zoomInUp&quot;}\" data-widget_type=\"image.default\">\n\t\t\t\t<div class=\"elementor-widget-container\">\n\t\t\t\t\t<div class=\"elementor-image\">\n\t\t\t\t\t\t\t\t\t\t<img loading=\"lazy\" decoding=\"async\" width=\"1024\" height=\"580\" src=\"http:\/\/telgebillack.se\/wp-content\/uploads\/2021\/02\/farg-3-1024x580.jpg\" class=\"attachment-large size-large\" alt=\"\" srcset=\"http:\/\/telgebillack.se\/wp-content\/uploads\/2021\/02\/farg-3-1024x580.jpg 1024w, http:\/\/telgebillack.se\/wp-content\/uploads\/2021\/02\/farg-3-300x170.jpg 300w, http:\/\/telgebillack.se\/wp-content\/uploads\/2021\/02\/farg-3-768x435.jpg 768w, http:\/\/telgebillack.se\/wp-content\/uploads\/2021\/02\/farg-3.jpg 1194w\" sizes=\"auto, (max-width: 1024px) 100vw, 1024px\" \/>\t\t\t\t\t\t\t\t\t\t\t<\/div>\n\t\t\t\t<\/div>\n\t\t\t\t<\/div>\n\t\t\t\t\t<\/div>\n\t\t<\/div>\n\t\t\t\t\t\t\t<\/div>\n\t\t<\/section>\n\t\t\t\t\t<\/div>\n\t\t<\/div>\n\t\t\t\t\t\t\t<\/div>\n\t\t<\/section>\n\t\t\t\t<section class=\"elementor-section elementor-top-section elementor-element elementor-element-29803f6 elementor-section-boxed elementor-section-height-default elementor-section-height-default\" data-id=\"29803f6\" data-element_type=\"section\" data-settings=\"{&quot;background_background&quot;:&quot;classic&quot;}\">\n\t\t\t\t\t\t<div class=\"elementor-container elementor-column-gap-default\">\n\t\t\t\t\t<div class=\"elementor-column elementor-col-100 elementor-top-column elementor-element elementor-element-05413e1 elementor-invisible\" data-id=\"05413e1\" data-element_type=\"column\" data-settings=\"{&quot;animation&quot;:&quot;zoomInUp&quot;}\">\n\t\t\t<div class=\"elementor-widget-wrap elementor-element-populated\">\n\t\t\t\t\t\t\t\t<div class=\"elementor-element elementor-element-3f5db62 elementor-widget elementor-widget-heading\" data-id=\"3f5db62\" data-element_type=\"widget\" data-widget_type=\"heading.default\">\n\t\t\t\t<div class=\"elementor-widget-container\">\n\t\t\t<h2 class=\"elementor-heading-title elementor-size-default\">Vi reparerar alla m\u00e4rken och modeller med speciella <font color=\"#ffb400\">erbjudanden<\/font><\/h2>\t\t<\/div>\n\t\t\t\t<\/div>\n\t\t\t\t<div class=\"elementor-element elementor-element-07c4e87 elementor-widget elementor-widget-text-editor\" data-id=\"07c4e87\" data-element_type=\"widget\" data-widget_type=\"text-editor.default\">\n\t\t\t\t<div class=\"elementor-widget-container\">\n\t\t\t\t\t<div class=\"elementor-text-editor elementor-clearfix\"><\/div>\n\t\t\t\t<\/div>\n\t\t\t\t<\/div>\n\t\t\t\t\t<\/div>\n\t\t<\/div>\n\t\t\t\t\t\t\t<\/div>\n\t\t<\/section>\n\t\t\t\t<section class=\"elementor-section elementor-top-section elementor-element elementor-element-aaa67d2 elementor-section-boxed elementor-section-height-default elementor-section-height-default\" data-id=\"aaa67d2\" data-element_type=\"section\" data-settings=\"{&quot;background_background&quot;:&quot;classic&quot;}\">\n\t\t\t\t\t\t<div class=\"elementor-container elementor-column-gap-default\">\n\t\t\t\t\t<div class=\"elementor-column elementor-col-100 elementor-top-column elementor-element elementor-element-d863200 elementor-invisible\" data-id=\"d863200\" data-element_type=\"column\" data-settings=\"{&quot;animation&quot;:&quot;zoomIn&quot;}\">\n\t\t\t<div class=\"elementor-widget-wrap elementor-element-populated\">\n\t\t\t\t\t\t\t\t<div class=\"elementor-element elementor-element-c87b777 elementor-widget elementor-widget-heading\" data-id=\"c87b777\" data-element_type=\"widget\" data-widget_type=\"heading.default\">\n\t\t\t\t<div class=\"elementor-widget-container\">\n\t\t\t<h1 class=\"elementor-heading-title elementor-size-default\">Varf\u00f6r v\u00e4lja oss?<\/h1>\t\t<\/div>\n\t\t\t\t<\/div>\n\t\t\t\t<section class=\"elementor-section elementor-inner-section elementor-element elementor-element-e0585be elementor-section-boxed elementor-section-height-default elementor-section-height-default\" data-id=\"e0585be\" data-element_type=\"section\">\n\t\t\t\t\t\t<div class=\"elementor-container elementor-column-gap-default\">\n\t\t\t\t\t<div class=\"elementor-column elementor-col-33 elementor-inner-column elementor-element elementor-element-93a14b7\" data-id=\"93a14b7\" data-element_type=\"column\">\n\t\t\t<div class=\"elementor-widget-wrap elementor-element-populated\">\n\t\t\t\t\t\t\t\t<div class=\"elementor-element elementor-element-2ea664b elementor-position-top elementor-vertical-align-top elementor-widget elementor-widget-image-box\" data-id=\"2ea664b\" data-element_type=\"widget\" data-widget_type=\"image-box.default\">\n\t\t\t\t<div class=\"elementor-widget-container\">\n\t\t\t<div class=\"elementor-image-box-wrapper\"><figure class=\"elementor-image-box-img\"><img loading=\"lazy\" decoding=\"async\" width=\"66\" height=\"51\" src=\"http:\/\/telgebillack.se\/wp-content\/uploads\/2021\/01\/service-img1-1.png\" class=\"attachment-full size-full\" alt=\"\" \/><\/figure><div class=\"elementor-image-box-content\"><h3 class=\"elementor-image-box-title\">Professionell personal<\/h3><\/div><\/div>\t\t<\/div>\n\t\t\t\t<\/div>\n\t\t\t\t\t<\/div>\n\t\t<\/div>\n\t\t\t\t<div class=\"elementor-column elementor-col-33 elementor-inner-column elementor-element elementor-element-fe0bd28\" data-id=\"fe0bd28\" data-element_type=\"column\">\n\t\t\t<div class=\"elementor-widget-wrap elementor-element-populated\">\n\t\t\t\t\t\t\t\t<div class=\"elementor-element elementor-element-70135f4 elementor-position-top elementor-vertical-align-top elementor-widget elementor-widget-image-box\" data-id=\"70135f4\" data-element_type=\"widget\" data-widget_type=\"image-box.default\">\n\t\t\t\t<div class=\"elementor-widget-container\">\n\t\t\t<div class=\"elementor-image-box-wrapper\"><figure class=\"elementor-image-box-img\"><img loading=\"lazy\" decoding=\"async\" width=\"66\" height=\"51\" src=\"http:\/\/telgebillack.se\/wp-content\/uploads\/2021\/01\/service-img2-1.png\" class=\"attachment-full size-full\" alt=\"\" \/><\/figure><div class=\"elementor-image-box-content\"><h3 class=\"elementor-image-box-title\">L\u00e5ga priser<\/h3><\/div><\/div>\t\t<\/div>\n\t\t\t\t<\/div>\n\t\t\t\t\t<\/div>\n\t\t<\/div>\n\t\t\t\t<div class=\"elementor-column elementor-col-33 elementor-inner-column elementor-element elementor-element-9ab0762\" data-id=\"9ab0762\" data-element_type=\"column\">\n\t\t\t<div class=\"elementor-widget-wrap elementor-element-populated\">\n\t\t\t\t\t\t\t\t<div class=\"elementor-element elementor-element-971da8f elementor-position-top elementor-vertical-align-top elementor-widget elementor-widget-image-box\" data-id=\"971da8f\" data-element_type=\"widget\" data-widget_type=\"image-box.default\">\n\t\t\t\t<div class=\"elementor-widget-container\">\n\t\t\t<div class=\"elementor-image-box-wrapper\"><figure class=\"elementor-image-box-img\"><img loading=\"lazy\" decoding=\"async\" width=\"66\" height=\"51\" src=\"http:\/\/telgebillack.se\/wp-content\/uploads\/2021\/01\/service-img3-1.png\" class=\"attachment-full size-full\" alt=\"\" \/><\/figure><div class=\"elementor-image-box-content\"><h3 class=\"elementor-image-box-title\">Bra kundtj\u00e4nst<\/h3><p class=\"elementor-image-box-description\">.<\/p><\/div><\/div>\t\t<\/div>\n\t\t\t\t<\/div>\n\t\t\t\t\t<\/div>\n\t\t<\/div>\n\t\t\t\t\t\t\t<\/div>\n\t\t<\/section>\n\t\t\t\t\t<\/div>\n\t\t<\/div>\n\t\t\t\t\t\t\t<\/div>\n\t\t<\/section>\n\t\t\t\t\t\t<\/div>\n\t\t\t\t\t<\/div>\n\t\t","protected":false},"excerpt":{"rendered":"<p>V\u00c4LKOMMEN TILL TELGEBILLACK Hos oss p\u00e5 TelgeBilPl\u00e5t &amp; Lack f\u00e5r du hj\u00e4lp p\u00e5 ett effektivt s\u00e4tt med alla typer av reparationer av pl\u00e5tskador, lack och olycksskador p\u00e5 din bil. Att laga stenskott i vindrutan och byta glas \u00e4r ocks\u00e5 n\u00e5got vi \u00e4r experter p\u00e5. Vi reparerar eller byter ut alla delar som har skadats p\u00e5<br \/><a class=\"moretag\" href=\"http:\/\/telgebillack.se\/?page_id=89\">+ Read More<\/a><\/p>\n","protected":false},"author":1,"featured_media":0,"parent":0,"menu_order":0,"comment_status":"closed","ping_status":"closed","template":"templates\/page-builder.php","meta":{"footnotes":""},"class_list":["post-89","page","type-page","status-publish","hentry"],"_links":{"self":[{"href":"http:\/\/telgebillack.se\/index.php?rest_route=\/wp\/v2\/pages\/89","targetHints":{"allow":["GET"]}}],"collection":[{"href":"http:\/\/telgebillack.se\/index.php?rest_route=\/wp\/v2\/pages"}],"about":[{"href":"http:\/\/telgebillack.se\/index.php?rest_route=\/wp\/v2\/types\/page"}],"author":[{"embeddable":true,"href":"http:\/\/telgebillack.se\/index.php?rest_route=\/wp\/v2\/users\/1"}],"replies":[{"embeddable":true,"href":"http:\/\/telgebillack.se\/index.php?rest_route=%2Fwp%2Fv2%2Fcomments&post=89"}],"version-history":[{"count":13,"href":"http:\/\/telgebillack.se\/index.php?rest_route=\/wp\/v2\/pages\/89\/revisions"}],"predecessor-version":[{"id":1793,"href":"http:\/\/telgebillack.se\/index.php?rest_route=\/wp\/v2\/pages\/89\/revisions\/1793"}],"wp:attachment":[{"href":"http:\/\/telgebillack.se\/index.php?rest_route=%2Fwp%2Fv2%2Fmedia&parent=89"}],"curies":[{"name":"wp","href":"https:\/\/api.w.org\/{rel}","templated":true}]}}