{"id":1275,"date":"2020-01-10T13:06:31","date_gmt":"2020-01-10T13:06:31","guid":{"rendered":"https:\/\/www.sktperfectdemo.com\/demos\/maintenance\/?page_id=1275"},"modified":"2021-02-13T19:49:04","modified_gmt":"2021-02-13T18:49:04","slug":"rtl-tested","status":"publish","type":"page","link":"http:\/\/telgebillack.se\/?page_id=1275","title":{"rendered":"V\u00e5r kontakt informtion och adress"},"content":{"rendered":"\t\t<div data-elementor-type=\"wp-page\" data-elementor-id=\"1275\" class=\"elementor elementor-1275\" data-elementor-settings=\"[]\">\n\t\t\t\t\t\t\t<div class=\"elementor-section-wrap\">\n\t\t\t\t\t\t\t<section class=\"elementor-section elementor-top-section elementor-element elementor-element-76649fd5 elementor-section-boxed elementor-section-height-default elementor-section-height-default\" data-id=\"76649fd5\" data-element_type=\"section\">\n\t\t\t\t\t\t<div class=\"elementor-container elementor-column-gap-default\">\n\t\t\t\t\t<div class=\"elementor-column elementor-col-100 elementor-top-column elementor-element elementor-element-65d8be58\" data-id=\"65d8be58\" data-element_type=\"column\">\n\t\t\t<div class=\"elementor-widget-wrap elementor-element-populated\">\n\t\t\t\t\t\t\t\t<div class=\"elementor-element elementor-element-24de3178 elementor-widget elementor-widget-text-editor\" data-id=\"24de3178\" data-element_type=\"widget\" data-widget_type=\"text-editor.default\">\n\t\t\t\t<div class=\"elementor-widget-container\">\n\t\t\t\t\t<div class=\"elementor-text-editor elementor-clearfix\"><!-- wp:paragraph -->\n<p>Industriv\u00e4gen 15 15138 S\u00f6dert\u00e4lje<\/p>\n<!-- \/wp:paragraph --><\/div>\n\t\t\t\t<\/div>\n\t\t\t\t<\/div>\n\t\t\t\t\t<\/div>\n\t\t<\/div>\n\t\t\t\t\t\t\t<\/div>\n\t\t<\/section>\n\t\t\t\t<section class=\"elementor-section elementor-top-section elementor-element elementor-element-6116bfa elementor-section-boxed elementor-section-height-default elementor-section-height-default\" data-id=\"6116bfa\" data-element_type=\"section\">\n\t\t\t\t\t\t<div class=\"elementor-container elementor-column-gap-default\">\n\t\t\t\t\t<div class=\"elementor-column elementor-col-100 elementor-top-column elementor-element elementor-element-b903ede\" data-id=\"b903ede\" data-element_type=\"column\">\n\t\t\t<div class=\"elementor-widget-wrap elementor-element-populated\">\n\t\t\t\t\t\t\t\t<div class=\"elementor-element elementor-element-7cd92b4 elementor-widget elementor-widget-google_maps\" data-id=\"7cd92b4\" data-element_type=\"widget\" data-widget_type=\"google_maps.default\">\n\t\t\t\t<div class=\"elementor-widget-container\">\n\t\t\t<div class=\"elementor-custom-embed\"><iframe frameborder=\"0\" scrolling=\"no\" marginheight=\"0\" marginwidth=\"0\" src=\"https:\/\/maps.google.com\/maps?q=Industriv%C3%A4gen%2015%20151%2038%20S%C3%B6dert%C3%A4lje&amp;t=m&amp;z=10&amp;output=embed&amp;iwloc=near\" title=\"Industriv\u00e4gen 15 151 38 S\u00f6dert\u00e4lje\" aria-label=\"Industriv\u00e4gen 15 151 38 S\u00f6dert\u00e4lje\"><\/iframe><\/div>\t\t<\/div>\n\t\t\t\t<\/div>\n\t\t\t\t\t<\/div>\n\t\t<\/div>\n\t\t\t\t\t\t\t<\/div>\n\t\t<\/section>\n\t\t\t\t\t\t<\/div>\n\t\t\t\t\t<\/div>\n\t\t","protected":false},"excerpt":{"rendered":"<p>Industriv\u00e4gen 15 15138 S\u00f6dert\u00e4lje<\/p>\n","protected":false},"author":1,"featured_media":0,"parent":0,"menu_order":0,"comment_status":"closed","ping_status":"closed","template":"templates\/page-fullwidth_template.php","meta":{"footnotes":""},"class_list":["post-1275","page","type-page","status-publish","hentry"],"_links":{"self":[{"href":"http:\/\/telgebillack.se\/index.php?rest_route=\/wp\/v2\/pages\/1275","targetHints":{"allow":["GET"]}}],"collection":[{"href":"http:\/\/telgebillack.se\/index.php?rest_route=\/wp\/v2\/pages"}],"about":[{"href":"http:\/\/telgebillack.se\/index.php?rest_route=\/wp\/v2\/types\/page"}],"author":[{"embeddable":true,"href":"http:\/\/telgebillack.se\/index.php?rest_route=\/wp\/v2\/users\/1"}],"replies":[{"embeddable":true,"href":"http:\/\/telgebillack.se\/index.php?rest_route=%2Fwp%2Fv2%2Fcomments&post=1275"}],"version-history":[{"count":6,"href":"http:\/\/telgebillack.se\/index.php?rest_route=\/wp\/v2\/pages\/1275\/revisions"}],"predecessor-version":[{"id":1761,"href":"http:\/\/telgebillack.se\/index.php?rest_route=\/wp\/v2\/pages\/1275\/revisions\/1761"}],"wp:attachment":[{"href":"http:\/\/telgebillack.se\/index.php?rest_route=%2Fwp%2Fv2%2Fmedia&parent=1275"}],"curies":[{"name":"wp","href":"https:\/\/api.w.org\/{rel}","templated":true}]}}